{"id":145,"date":"2018-12-19T06:31:42","date_gmt":"2018-12-19T06:31:42","guid":{"rendered":"http:\/\/kita-regenbogen-bsa.de\/?page_id=145"},"modified":"2018-12-19T06:32:59","modified_gmt":"2018-12-19T06:32:59","slug":"ansprechpartner","status":"publish","type":"page","link":"https:\/\/kita-regenbogen-bsa.de\/?page_id=145","title":{"rendered":"Ansprechpartner"},"content":{"rendered":"<div class=\"entry-content\">\n<ol>\n<li>Vorsitzender<br \/>\nHerr Dr. Oliver K\u00fchlke<\/li>\n<\/ol>\n<p>Postanschrift:<br \/>\nF\u00d6RDERVEREIN Regenbogen Kita Bad Sooden-Allendorf e.V.<br \/>\nBertram-Schrot-Stra\u00dfe 4<br \/>\n37242 Bad Sooden-Allendorf<\/p>\n<p>Email:<\/p>\n<p>foerderverein\u00a0#at# kita-regenbogen-bsa.de<\/p>\n<p>Bitte ersetzen Sie das #at# gegen das @-Zeichen.<\/p>\n<\/div>\n","protected":false},"excerpt":{"rendered":"<p>Vorsitzender Herr Dr. Oliver K\u00fchlke Postanschrift: F\u00d6RDERVEREIN Regenbogen Kita Bad Sooden-Allendorf e.V. Bertram-Schrot-Stra\u00dfe 4 37242 Bad Sooden-Allendorf Email: foerderverein\u00a0#at# kita-regenbogen-bsa.de Bitte ersetzen Sie das #at# gegen das @-Zeichen.<\/p>\n","protected":false},"author":1,"featured_media":0,"parent":44,"menu_order":2,"comment_status":"closed","ping_status":"closed","template":"","meta":{"footnotes":""},"class_list":["post-145","page","type-page","status-publish","hentry"],"_links":{"self":[{"href":"https:\/\/kita-regenbogen-bsa.de\/index.php?rest_route=\/wp\/v2\/pages\/145","targetHints":{"allow":["GET"]}}],"collection":[{"href":"https:\/\/kita-regenbogen-bsa.de\/index.php?rest_route=\/wp\/v2\/pages"}],"about":[{"href":"https:\/\/kita-regenbogen-bsa.de\/index.php?rest_route=\/wp\/v2\/types\/page"}],"author":[{"embeddable":true,"href":"https:\/\/kita-regenbogen-bsa.de\/index.php?rest_route=\/wp\/v2\/users\/1"}],"replies":[{"embeddable":true,"href":"https:\/\/kita-regenbogen-bsa.de\/index.php?rest_route=%2Fwp%2Fv2%2Fcomments&post=145"}],"version-history":[{"count":2,"href":"https:\/\/kita-regenbogen-bsa.de\/index.php?rest_route=\/wp\/v2\/pages\/145\/revisions"}],"predecessor-version":[{"id":147,"href":"https:\/\/kita-regenbogen-bsa.de\/index.php?rest_route=\/wp\/v2\/pages\/145\/revisions\/147"}],"up":[{"embeddable":true,"href":"https:\/\/kita-regenbogen-bsa.de\/index.php?rest_route=\/wp\/v2\/pages\/44"}],"wp:attachment":[{"href":"https:\/\/kita-regenbogen-bsa.de\/index.php?rest_route=%2Fwp%2Fv2%2Fmedia&parent=145"}],"curies":[{"name":"wp","href":"https:\/\/api.w.org\/{rel}","templated":true}]}}