{"id":19,"date":"2018-10-22T12:44:01","date_gmt":"2018-10-22T12:44:01","guid":{"rendered":"http:\/\/kita-regenbogen-bsa.de\/?page_id=19"},"modified":"2023-05-02T12:51:45","modified_gmt":"2023-05-02T12:51:45","slug":"unsere-konzeption","status":"publish","type":"page","link":"https:\/\/kita-regenbogen-bsa.de\/?page_id=19","title":{"rendered":"Unsere Konzeption"},"content":{"rendered":"<p>Wird derzeit \u00dcberarbeitet!<\/p>\n<p>(gek\u00fcrzte Fassung)<\/p>\n<p><strong>Das Symbol des Regenbogens<\/strong> steht f\u00fcr unser Miteinander mit den Kindern, den Eltern, im Team, mit dem Tr\u00e4ger und den Institutionen, mit denen wir zusammenarbeiten.<\/p>\n<p><strong>Die Farben des Regenbogens<\/strong> symbolisieren die Vielfalt unserer inhaltlichen Arbeit, die unterschiedlichen p\u00e4dagogischen Schwerpunkte, die Bed\u00fcrfnisse und die Individualit\u00e4t aller Kinder.<\/p>\n<p>Unsere<strong> P\u00e4dagogische Konzeption<\/strong> ist ein gewachsener, wachsender und flie\u00dfender Prozess, sie orientiert sich am aktuellen Bedarf der Kinder und an den Grundlagen des <strong>BEP<\/strong>\u00a0\u00a0\u00a0 (Hess. Bildungs- und Erziehungsplan)<\/p>\n<p>Unsere\u00a0 Konzeption steht f\u00fcr unsere Kinder und f\u00fcr das Team.<\/p>\n<p><strong>Unsere Grundhaltung:\u00a0<\/strong><\/p>\n<p>Wir sehen in den Kindern individuelle kleine Forscher und Entdecker und bleiben zusammen mit ihnen neugierig auf Neues.<\/p>\n<p>Unser <strong>Leitsatz<\/strong> lautet:<\/p>\n<p>Kinder brauchen einen Platz<\/p>\n<p>in den Herzen,<\/p>\n<p>in den Augen,<\/p>\n<p>in den Ohren<\/p>\n<p>und in der Welt<\/p>\n<p><strong>Das sind unsere Ziele:<\/strong><\/p>\n<p>Wertsch\u00e4tzung \u2013 Vertrauen \u2013 Selbst\u00e4ndigkeit \u2013 Sicherheit \u2013 Interesse am Forschen und Entdecken \u2013 Kritikf\u00e4higkeit \u2013 Konzentration\u00a0 \u2013 Motivation \u2013\u00a0 Lebensfreude \u2013\u00a0 Selbstvertrauen \u2013 Lernbereitschaft \u2013 Sozialverhalten Pers\u00f6nlichkeitsentwicklung \u2013\u00a0 Sinnhaftigkeit und vieles mehr.<\/p>\n<p><a href=\"https:\/\/kita-regenbogen-bsa.de\/?page_id=24\">Zur\u00fcck<\/a> zur vorherigen Seite<\/p>\n","protected":false},"excerpt":{"rendered":"<p>Wird derzeit \u00dcberarbeitet! (gek\u00fcrzte Fassung) Das Symbol des Regenbogens steht f\u00fcr unser Miteinander mit den Kindern, den Eltern, im Team, mit dem Tr\u00e4ger und den Institutionen, mit denen wir zusammenarbeiten. Die Farben des Regenbogens symbolisieren die Vielfalt unserer inhaltlichen Arbeit, &hellip; <a href=\"https:\/\/kita-regenbogen-bsa.de\/?page_id=19\">Weiterlesen <span class=\"meta-nav\">&rarr;<\/span><\/a><\/p>\n","protected":false},"author":1,"featured_media":0,"parent":24,"menu_order":1,"comment_status":"closed","ping_status":"closed","template":"","meta":{"footnotes":""},"class_list":["post-19","page","type-page","status-publish","hentry"],"_links":{"self":[{"href":"https:\/\/kita-regenbogen-bsa.de\/index.php?rest_route=\/wp\/v2\/pages\/19","targetHints":{"allow":["GET"]}}],"collection":[{"href":"https:\/\/kita-regenbogen-bsa.de\/index.php?rest_route=\/wp\/v2\/pages"}],"about":[{"href":"https:\/\/kita-regenbogen-bsa.de\/index.php?rest_route=\/wp\/v2\/types\/page"}],"author":[{"embeddable":true,"href":"https:\/\/kita-regenbogen-bsa.de\/index.php?rest_route=\/wp\/v2\/users\/1"}],"replies":[{"embeddable":true,"href":"https:\/\/kita-regenbogen-bsa.de\/index.php?rest_route=%2Fwp%2Fv2%2Fcomments&post=19"}],"version-history":[{"count":5,"href":"https:\/\/kita-regenbogen-bsa.de\/index.php?rest_route=\/wp\/v2\/pages\/19\/revisions"}],"predecessor-version":[{"id":979,"href":"https:\/\/kita-regenbogen-bsa.de\/index.php?rest_route=\/wp\/v2\/pages\/19\/revisions\/979"}],"up":[{"embeddable":true,"href":"https:\/\/kita-regenbogen-bsa.de\/index.php?rest_route=\/wp\/v2\/pages\/24"}],"wp:attachment":[{"href":"https:\/\/kita-regenbogen-bsa.de\/index.php?rest_route=%2Fwp%2Fv2%2Fmedia&parent=19"}],"curies":[{"name":"wp","href":"https:\/\/api.w.org\/{rel}","templated":true}]}}