{"id":26,"date":"2018-10-22T12:49:12","date_gmt":"2018-10-22T12:49:12","guid":{"rendered":"http:\/\/kita-regenbogen-bsa.de\/?page_id=26"},"modified":"2023-05-02T13:16:19","modified_gmt":"2023-05-02T13:16:19","slug":"informationen","status":"publish","type":"page","link":"https:\/\/kita-regenbogen-bsa.de\/?page_id=26","title":{"rendered":"Informationen"},"content":{"rendered":"<p>Die folgenden Rubriken enthalten notwendige Informationen<\/p>\n<ul>\n<li><a href=\"https:\/\/kita-regenbogen-bsa.de\/?page_id=30\">Unsere Einrichtung<\/a><\/li>\n<li><a href=\"https:\/\/kita-regenbogen-bsa.de\/?page_id=34\">\u00d6ffnungszeiten<\/a><\/li>\n<li><a href=\"https:\/\/kita-regenbogen-bsa.de\/?page_id=32\">Leitsatz<\/a><\/li>\n<li><a href=\"https:\/\/kita-regenbogen-bsa.de\/?page_id=148\" target=\"_blank\" rel=\"noopener\">F\u00f6rderverein Kita Regenbogen<\/a><\/li>\n<li><a href=\"https:\/\/kita-regenbogen-bsa.de\/?page_id=28\">Aktuelle Beitr\u00e4ge<\/a><\/li>\n<li><a href=\"https:\/\/kita-regenbogen-bsa.de\/?page_id=73\">Mehr von uns<\/a><\/li>\n<li><a href=\"https:\/\/kita-regenbogen-bsa.de\/?page_id=36\">Einwilligungserkl\u00e4rung zur Nutzung von Fotoaufnahmen<\/a><\/li>\n<\/ul>\n","protected":false},"excerpt":{"rendered":"<p>Die folgenden Rubriken enthalten notwendige Informationen Unsere Einrichtung \u00d6ffnungszeiten Leitsatz F\u00f6rderverein Kita Regenbogen Aktuelle Beitr\u00e4ge Mehr von uns Einwilligungserkl\u00e4rung zur Nutzung von Fotoaufnahmen<\/p>\n","protected":false},"author":1,"featured_media":0,"parent":0,"menu_order":2,"comment_status":"closed","ping_status":"closed","template":"","meta":{"footnotes":""},"class_list":["post-26","page","type-page","status-publish","hentry"],"_links":{"self":[{"href":"https:\/\/kita-regenbogen-bsa.de\/index.php?rest_route=\/wp\/v2\/pages\/26","targetHints":{"allow":["GET"]}}],"collection":[{"href":"https:\/\/kita-regenbogen-bsa.de\/index.php?rest_route=\/wp\/v2\/pages"}],"about":[{"href":"https:\/\/kita-regenbogen-bsa.de\/index.php?rest_route=\/wp\/v2\/types\/page"}],"author":[{"embeddable":true,"href":"https:\/\/kita-regenbogen-bsa.de\/index.php?rest_route=\/wp\/v2\/users\/1"}],"replies":[{"embeddable":true,"href":"https:\/\/kita-regenbogen-bsa.de\/index.php?rest_route=%2Fwp%2Fv2%2Fcomments&post=26"}],"version-history":[{"count":9,"href":"https:\/\/kita-regenbogen-bsa.de\/index.php?rest_route=\/wp\/v2\/pages\/26\/revisions"}],"predecessor-version":[{"id":987,"href":"https:\/\/kita-regenbogen-bsa.de\/index.php?rest_route=\/wp\/v2\/pages\/26\/revisions\/987"}],"wp:attachment":[{"href":"https:\/\/kita-regenbogen-bsa.de\/index.php?rest_route=%2Fwp%2Fv2%2Fmedia&parent=26"}],"curies":[{"name":"wp","href":"https:\/\/api.w.org\/{rel}","templated":true}]}}