{"id":32,"date":"2018-10-22T12:49:12","date_gmt":"2018-10-22T12:49:12","guid":{"rendered":"http:\/\/kita-regenbogen-bsa.de\/?page_id=32"},"modified":"2021-10-18T11:29:22","modified_gmt":"2021-10-18T11:29:22","slug":"leitsatz","status":"publish","type":"page","link":"https:\/\/kita-regenbogen-bsa.de\/?page_id=32","title":{"rendered":"Leitsatz"},"content":{"rendered":"<p><strong>Die Leitgedanken unserer p\u00e4dagogischen Arbeit:<\/strong><\/p>\n<p><strong>WOHLF\u00dcHLEN<\/strong><\/p>\n<p><strong>STRUKTUREN<\/strong><\/p>\n<p><strong>FREIRAUM<\/strong><\/p>\n<p><strong>F\u00d6RDERUNG<\/strong><\/p>\n<p><strong>ZEIT<\/strong><\/p>\n<p><strong>GRENZEN<\/strong><\/p>\n<p><strong>MITEINANDER<\/strong><\/p>\n<p><strong>ORIENTIERUNG AM BEDARF<\/strong><\/p>\n<p>&nbsp;<\/p>\n<p><strong>Zu allen Punkten informieren wir Sie gerne im pers\u00f6nlichen Gespr\u00e4ch.<\/strong><\/p>\n<p>&nbsp;<\/p>\n<p style=\"text-align: center;\">Unser <strong>Leitsatz<\/strong> lautet:<\/p>\n<p style=\"text-align: center;\"><em>Kinder brauchen einen Platz<\/em><\/p>\n<p style=\"text-align: center;\"><em>in den Herzen,<\/em><\/p>\n<p style=\"text-align: center;\"><em>in den Augen,<\/em><\/p>\n<p style=\"text-align: center;\"><em>in den Ohren<\/em><\/p>\n<p style=\"text-align: center;\"><em>und in der Welt<\/em><\/p>\n<p>&nbsp;<\/p>\n<p><strong>Zusammenarbeit mit den Eltern:<\/strong><\/p>\n<p>Elternabende, Zusammenarbeit mit dem Elternbeirat, Angebote zu Themenschwerpunkten, gemeinsame Aktionen, Feste, usw.<\/p>\n<p>Regelm\u00e4\u00dfiger Austausch mit den Familien nach Bedarf und aktuellem Anlass. Entwicklungsgespr\u00e4che finden j\u00e4hrlich zeitnah zum Geburtstag der Kinder statt.<\/p>\n<p>&nbsp;<\/p>\n<p>Unser Elternbeirat hat einen F\u00f6rderverein gegr\u00fcndet.<\/p>\n<p>Wir freuen uns auf viele neue \u00a0Mitglieder \u00a0\u2013 Herzlich willkommen!<\/p>\n<p><a href=\"http:\/\/kita-regenbogen-bsa.de\/?page_id=44\" target=\"_blank\" rel=\"noopener\">Zur Seite vom F\u00f6rderverein<\/a><\/p>\n","protected":false},"excerpt":{"rendered":"<p>Die Leitgedanken unserer p\u00e4dagogischen Arbeit: WOHLF\u00dcHLEN STRUKTUREN FREIRAUM F\u00d6RDERUNG ZEIT GRENZEN MITEINANDER ORIENTIERUNG AM BEDARF &nbsp; Zu allen Punkten informieren wir Sie gerne im pers\u00f6nlichen Gespr\u00e4ch. &nbsp; Unser Leitsatz lautet: Kinder brauchen einen Platz in den Herzen, in den Augen, &hellip; <a href=\"https:\/\/kita-regenbogen-bsa.de\/?page_id=32\">Weiterlesen <span class=\"meta-nav\">&rarr;<\/span><\/a><\/p>\n","protected":false},"author":1,"featured_media":0,"parent":26,"menu_order":3,"comment_status":"closed","ping_status":"closed","template":"","meta":{"footnotes":""},"class_list":["post-32","page","type-page","status-publish","hentry"],"_links":{"self":[{"href":"https:\/\/kita-regenbogen-bsa.de\/index.php?rest_route=\/wp\/v2\/pages\/32","targetHints":{"allow":["GET"]}}],"collection":[{"href":"https:\/\/kita-regenbogen-bsa.de\/index.php?rest_route=\/wp\/v2\/pages"}],"about":[{"href":"https:\/\/kita-regenbogen-bsa.de\/index.php?rest_route=\/wp\/v2\/types\/page"}],"author":[{"embeddable":true,"href":"https:\/\/kita-regenbogen-bsa.de\/index.php?rest_route=\/wp\/v2\/users\/1"}],"replies":[{"embeddable":true,"href":"https:\/\/kita-regenbogen-bsa.de\/index.php?rest_route=%2Fwp%2Fv2%2Fcomments&post=32"}],"version-history":[{"count":7,"href":"https:\/\/kita-regenbogen-bsa.de\/index.php?rest_route=\/wp\/v2\/pages\/32\/revisions"}],"predecessor-version":[{"id":619,"href":"https:\/\/kita-regenbogen-bsa.de\/index.php?rest_route=\/wp\/v2\/pages\/32\/revisions\/619"}],"up":[{"embeddable":true,"href":"https:\/\/kita-regenbogen-bsa.de\/index.php?rest_route=\/wp\/v2\/pages\/26"}],"wp:attachment":[{"href":"https:\/\/kita-regenbogen-bsa.de\/index.php?rest_route=%2Fwp%2Fv2%2Fmedia&parent=32"}],"curies":[{"name":"wp","href":"https:\/\/api.w.org\/{rel}","templated":true}]}}