{"id":34,"date":"2018-10-22T12:49:12","date_gmt":"2018-10-22T12:49:12","guid":{"rendered":"http:\/\/kita-regenbogen-bsa.de\/?page_id=34"},"modified":"2023-03-06T13:13:05","modified_gmt":"2023-03-06T13:13:05","slug":"oeffnungszeiten","status":"publish","type":"page","link":"https:\/\/kita-regenbogen-bsa.de\/?page_id=34","title":{"rendered":"\u00d6ffnungszeiten"},"content":{"rendered":"<p>In unserer Kita werden die Kinder in 4 Gruppen betreut:<\/p>\n<p>Sonnenscheingruppe:\u00a0 \u00a0 \u00a0 \u00a0 \u00a0 \u00a0 \u00a0bis zu 25 Kinder von 2 \u2013 6 Jahren<br \/>\nWolkengruppe:\u00a0 \u00a0 \u00a0 \u00a0 \u00a0 \u00a0 \u00a0 \u00a0 \u00a0 \u00a0 \u00a0 \u00a0 bis zu 25 Kinder von 2 \u2013 6 Jahren<br \/>\nRegentropfengruppe:\u00a0 \u00a0 \u00a0 \u00a0 \u00a0 \u00a0 \u00a0bis zu 25 Kinder von 2 \u2013 6 Jahren<br \/>\nSternchengruppe (Krippe):\u00a0 \u00a0bis zu 12 Kinder von 1 \u2013 3 Jahren<\/p>\n<p>Unsere \u00d6ffnungszeiten: 7.00 \u2013 17.00 Uhr<\/p>\n<p>Die Eltern k\u00f6nnen bei der Anmeldung folgende Module f\u00fcr die Betreuungszeit w\u00e4hlen:<\/p>\n<p>7.00 \u2013 13.00 Uhr<br \/>\n7.00 \u2013 15.00 Uhr<br \/>\n7.00 \u2013 17.00 Uhr<\/p>\n","protected":false},"excerpt":{"rendered":"<p>In unserer Kita werden die Kinder in 4 Gruppen betreut: Sonnenscheingruppe:\u00a0 \u00a0 \u00a0 \u00a0 \u00a0 \u00a0 \u00a0bis zu 25 Kinder von 2 \u2013 6 Jahren Wolkengruppe:\u00a0 \u00a0 \u00a0 \u00a0 \u00a0 \u00a0 \u00a0 \u00a0 \u00a0 \u00a0 \u00a0 \u00a0 bis zu 25 &hellip; <a href=\"https:\/\/kita-regenbogen-bsa.de\/?page_id=34\">Weiterlesen <span class=\"meta-nav\">&rarr;<\/span><\/a><\/p>\n","protected":false},"author":1,"featured_media":0,"parent":26,"menu_order":4,"comment_status":"closed","ping_status":"closed","template":"","meta":{"footnotes":""},"class_list":["post-34","page","type-page","status-publish","hentry"],"_links":{"self":[{"href":"https:\/\/kita-regenbogen-bsa.de\/index.php?rest_route=\/wp\/v2\/pages\/34","targetHints":{"allow":["GET"]}}],"collection":[{"href":"https:\/\/kita-regenbogen-bsa.de\/index.php?rest_route=\/wp\/v2\/pages"}],"about":[{"href":"https:\/\/kita-regenbogen-bsa.de\/index.php?rest_route=\/wp\/v2\/types\/page"}],"author":[{"embeddable":true,"href":"https:\/\/kita-regenbogen-bsa.de\/index.php?rest_route=\/wp\/v2\/users\/1"}],"replies":[{"embeddable":true,"href":"https:\/\/kita-regenbogen-bsa.de\/index.php?rest_route=%2Fwp%2Fv2%2Fcomments&post=34"}],"version-history":[{"count":4,"href":"https:\/\/kita-regenbogen-bsa.de\/index.php?rest_route=\/wp\/v2\/pages\/34\/revisions"}],"predecessor-version":[{"id":915,"href":"https:\/\/kita-regenbogen-bsa.de\/index.php?rest_route=\/wp\/v2\/pages\/34\/revisions\/915"}],"up":[{"embeddable":true,"href":"https:\/\/kita-regenbogen-bsa.de\/index.php?rest_route=\/wp\/v2\/pages\/26"}],"wp:attachment":[{"href":"https:\/\/kita-regenbogen-bsa.de\/index.php?rest_route=%2Fwp%2Fv2%2Fmedia&parent=34"}],"curies":[{"name":"wp","href":"https:\/\/api.w.org\/{rel}","templated":true}]}}