{"id":44,"date":"2018-10-22T12:49:12","date_gmt":"2018-10-22T12:49:12","guid":{"rendered":"http:\/\/kita-regenbogen-bsa.de\/?page_id=44"},"modified":"2018-12-19T06:35:05","modified_gmt":"2018-12-19T06:35:05","slug":"foerderverein","status":"publish","type":"page","link":"https:\/\/kita-regenbogen-bsa.de\/?page_id=44","title":{"rendered":"F\u00f6rderverein"},"content":{"rendered":"<h3><strong>Regenbogen Kita Bad Sooden-Allendorf e.V.<\/strong><\/h3>\n<p><strong>Herzlich Willkommen<\/strong><\/p>\n<p>Der F\u00d6RDERVEREIN Regenbogen Kita Bad Sooden-Allendorf e.V. wurde 2014 von engagierten Eltern gegr\u00fcndet, um in Zeiten sparsamer \u00f6ffentlicher Haushalte und knapper Mittel die Einrichtung finanziell und tatkr\u00e4ftig zu unterst\u00fctzen.<\/p>\n<p>Der \u00f6ffentlichen Tr\u00e4ger wird hierbei jedoch nicht aus der Verantwortung genommen, weiterhin in die Kita zu investieren.<\/p>\n<p>In Zusammenarbeit mit dem \u00f6ffentlichen Tr\u00e4ger, der Kita-Leitung sowie dem Kita-Team m\u00f6chten wir uns f\u00fcr die Verbesserung von Lehr- und Spielmaterial einsetzen, um die Lern- und Entwicklungsprozesse unserer Kinder zu f\u00f6rdern.<\/p>\n<p>Unser Verein ist ein gemeinn\u00fctziger Verein und ist auf Mitgliedsbeitr\u00e4ge sowie Spenden angewiesen. Wir als F\u00f6rderverein k\u00f6nnen finanzielle Mittel von Firmen, Privatpersonen oder \u00f6ffentlichen Einrichtungen annehmen und Spendenbescheinigungen ausstellen.<\/p>\n<p>Da diese Gelder nicht zweckgebunden sind, entscheidet der F\u00f6rderverein, wof\u00fcr diese Mittel eingesetzt werden. Wir haben hierbei immer ein offenes Ohr f\u00fcr die W\u00fcnsche und Anregungen der Kita-Leitung.<\/p>\n<p>Da der Verein vollst\u00e4ndig auf ehrenamtlicher Basis gef\u00fchrt wird, ist sichergestellt, dass jeder Cent zu \u00a0100 % unseren Kindern zu Gute kommt.<\/p>\n<p>Wir als F\u00f6rderverein werden durch verschiedene Veranstaltungen versuchen, zus\u00e4tzliche finanzielle Mittel einzunehmen.<\/p>\n<p>Haben wir Ihr Interesse geweckt und m\u00f6chten auch Sie uns in Zukunft unterst\u00fctzen? Hier geht es zu unserem <a href=\"http:\/\/kita-regenbogen-bsa.de\/?page_id=148\">Mitgliedsantrag<\/a>.<\/p>\n","protected":false},"excerpt":{"rendered":"<p>Regenbogen Kita Bad Sooden-Allendorf e.V. Herzlich Willkommen Der F\u00d6RDERVEREIN Regenbogen Kita Bad Sooden-Allendorf e.V. wurde 2014 von engagierten Eltern gegr\u00fcndet, um in Zeiten sparsamer \u00f6ffentlicher Haushalte und knapper Mittel die Einrichtung finanziell und tatkr\u00e4ftig zu unterst\u00fctzen. Der \u00f6ffentlichen Tr\u00e4ger wird &hellip; <a href=\"https:\/\/kita-regenbogen-bsa.de\/?page_id=44\">Weiterlesen <span class=\"meta-nav\">&rarr;<\/span><\/a><\/p>\n","protected":false},"author":1,"featured_media":0,"parent":0,"menu_order":8,"comment_status":"closed","ping_status":"closed","template":"","meta":{"footnotes":""},"class_list":["post-44","page","type-page","status-publish","hentry"],"_links":{"self":[{"href":"https:\/\/kita-regenbogen-bsa.de\/index.php?rest_route=\/wp\/v2\/pages\/44","targetHints":{"allow":["GET"]}}],"collection":[{"href":"https:\/\/kita-regenbogen-bsa.de\/index.php?rest_route=\/wp\/v2\/pages"}],"about":[{"href":"https:\/\/kita-regenbogen-bsa.de\/index.php?rest_route=\/wp\/v2\/types\/page"}],"author":[{"embeddable":true,"href":"https:\/\/kita-regenbogen-bsa.de\/index.php?rest_route=\/wp\/v2\/users\/1"}],"replies":[{"embeddable":true,"href":"https:\/\/kita-regenbogen-bsa.de\/index.php?rest_route=%2Fwp%2Fv2%2Fcomments&post=44"}],"version-history":[{"count":7,"href":"https:\/\/kita-regenbogen-bsa.de\/index.php?rest_route=\/wp\/v2\/pages\/44\/revisions"}],"predecessor-version":[{"id":150,"href":"https:\/\/kita-regenbogen-bsa.de\/index.php?rest_route=\/wp\/v2\/pages\/44\/revisions\/150"}],"wp:attachment":[{"href":"https:\/\/kita-regenbogen-bsa.de\/index.php?rest_route=%2Fwp%2Fv2%2Fmedia&parent=44"}],"curies":[{"name":"wp","href":"https:\/\/api.w.org\/{rel}","templated":true}]}}